{"id":1648,"date":"2016-01-10T09:29:47","date_gmt":"2016-01-10T08:29:47","guid":{"rendered":"https:\/\/www.museodelcarbone.it\/opening-hours-and-ticket-prices\/"},"modified":"2026-03-15T16:00:50","modified_gmt":"2026-03-15T15:00:50","slug":"opening-hours-and-ticket-prices","status":"publish","type":"page","link":"https:\/\/www.museodelcarbone.it\/en\/visit\/opening-hours-and-ticket-prices\/","title":{"rendered":"OPENING HOURS AND TICKET PRICES"},"content":{"rendered":"<p><span style=\"color: #ffffff;\"><strong>  Sardinia<\/strong><\/span><\/p>\n<p><strong><span style=\"color: #339966;\">UPDATE &#8211; 2024\/2026<\/span><\/strong><\/p>\n<p><strong>Underground tours<\/strong><\/p>\n<p>The underground guided tour lasts about 1 hour and have fixed departure times. RESERVATION IS REQUIRED. <\/p>\n<p>Click the <strong>BOOK NOW\/PRENOTA<\/strong> button to check availability and book, or contact us at +39.0781.62727 <\/p>\n<p>\u2192 Please book in advance your guided tour in <strong>English<\/strong> on our website or by phone +39 0781 62727.<\/p>\n<p>\u2192 Visite guid\u00e9e en <strong>Fran\u00e7ais<\/strong> sur r\u00e9servation en ligne ou par t\u00e9l\u00e9phone au +39 0781 62727.<\/p>\n<p>&nbsp;<\/p>\n<p>&nbsp;<\/p>\n<p>Important Information \u2013 The Great Mine of Serbariu \u2013 and specifically the Lampisteria building, home to the Coal Museum \u2013 is undergoing major renovations during 2024\/26. Access and visit<\/p>\n<p><strong>Access and ticket office<\/strong> &#8211; the ticket office has been temporarily moved to the Auditorium building (between PAS Palaeontological Museum and Sotacarbo S.p.A.building).<\/p>\n<p>Visitors are recommended to check the correct location on Google Maps (search: Museo del Carbone)<\/p>\n<p><strong>Visit<\/strong> &#8211; the underground guided tour is unchanged. The Winch Room is currently not accessible. The Lampisteria will remain closed until the end of the renovation works, therefore the museum exhibition cannot be visited; a selection of items is on display in the museum&#8217;s temporary location.   Books and souvenirs can also be purchased at the ticket office.<\/p>\n<p>Comfortable clothing and sports shoes are recommended. For the outdoor it is recommended to have suitable accessories according to the season.<\/p>\n<p>Pets are not allowed.<\/p>\n<p>For up-to-date information, follow the social pages of the Coal Museum on <span style=\"color: #ff6600;\"><a style=\"color: #ff6600;\" href=\"https:\/\/www.facebook.com\/MuseodelCarbone\"><strong>Facebook<\/strong><\/a>, <a style=\"color: #ff6600;\" href=\"https:\/\/www.instagram.com\/museodelcarbone\/\"><strong>Instagram<\/strong><\/a> and <\/span><a href=\"https:\/\/twitter.com\/MuseodelCarbone\"><strong><span style=\"color: #ff6600;\">X<\/span><\/strong><\/a><\/p>\n<hr>\n<p><strong><span style=\"color: #ffffff;\">Sardinia mines<\/span><\/strong><\/p>\n<h2><span style=\"font-size: 18pt;\"><span style=\"color: #ff0000;\"><span style=\"color: #000000;\">OPENING HOURS <\/span> <\/span><\/span><\/h2>\n<p>From <span style=\"font-size: 14pt;\"><strong>21 June<\/strong><\/span> to <span style=\"font-size: 14pt;\"><strong>20 September<\/strong><\/span>: every day    <strong>from 10:00 to 19:00<br \/>\n<\/strong>Ticket office closes  <strong>6.00 pm<\/strong><\/p>\n<p>From <span style=\"font-size: 14pt;\"><strong>21 September<\/strong><\/span> to <span style=\"font-size: 14pt;\"><strong>20 June<\/strong><\/span>:<span style=\"color: #000000;\"> from Tuesday to Sunday <strong>from 10:00 to 18:00. <\/strong><\/span><br \/>\nTicket office closes <strong>at 5.00 pm<\/strong>. Closed on Mondays (business days), Christmas and New Year&#8217;s Day. On 24 and 31 December open from 10.00am to 01.00pm<\/p>\n<p>The ticket office is open all day; Underground guided tours have fixed times and must be booked online or by calling +39 0781 62727.<\/p>\n<p><strong>  For the visit in French or English, it is <em>essential<\/em> to book online or by calling +39 0781 62727.<\/strong><\/p>\n<h4><span style=\"font-size: 10pt;\"><strong><strong>Please book in advance your guided tour in English or French on our website or by phone <strong>+39 0781 62727.<\/strong> <\/strong><\/strong><strong><br \/>\n<\/strong><\/span><\/h4>\n<h4><span style=\"font-size: 10pt;\"><strong>Visite guid\u00e9e en Fran\u00e7ais sur r\u00e9servation en ligne ou par t\u00e9l\u00e9phone au +39 0781 62727.<\/strong><\/span><\/h4>\n<p><strong><span style=\"color: #ffffff;\">Sardinia mines<\/span><\/strong><\/p>\n<h2><span style=\"font-size: 18pt;\">VISIT<\/span><\/h2>\n<p>The Great Mine of Serbariu is currently undergoing major renovation works, so the tour route has undergone temporary changes.<\/p>\n<p>As part of your visit, you will take a guided tour of the <strong>underground areas<\/strong>; the tour lasts about an hour and can be booked in Italian, English and French. The Winch Room is not open to visitors at the moment.<\/p>\n<p>The Lampisteria will remain closed until the end of the renovation works, therefore the museum exhibition cannot be visited; a selection of items is on display in the museum\u2019s temporary location.<\/p>\n<p>Please note: The underground route is partially accessible to disabled visitors, who are entitled to free admission. At the moment it may not be possible to guarantee complete accessibility to the underground route, due to the works in progress. Please contact the Museum at +39.0781.62727 to check the possibility.<\/p>\n<p><em>Tips for visiting<\/em>: the visit includes indoor, outdoor and underground areas We recommend wearing comfortable clothing and sports shoes, or even hiking shoes.<\/p>\n<p>&nbsp;<\/p>\n<p>N.B. Please note that the museum is not equipped with a cloakroom, therefore visitors are asked to keep their coats, bags, backpacks with them during the visit. For the same reason, the museum does not provide a luggage storage service for suitcases and other travel bags, which are <u>not allowed<\/u> inside during the visit.<\/p>\n<p>&nbsp;<\/p>\n<p>N.B. Dogs and other pets are currently not allowed.<\/p>\n<p><strong><span style=\"font-size: 10pt; color: #ff6600;\"><span style=\"font-size: 12pt;\"> <\/span><a style=\"color: #ff6600;\" href=\"https:\/\/www.museodelcarbone.it\/en\/visit\/museo-del-carbone\/\"><span style=\"font-size: 12pt;\">The visit<\/span><\/a><\/span><\/strong><\/p>\n<p><span style=\"color: #ffffff;\"><strong>Sardinia mines<\/strong><\/span><\/p>\n<h2><span style=\"font-size: 18pt;\">PRICES<\/span><\/h2>\n<p>The ticket includes the underground guided tour.<\/p>\n<p><span style=\"font-size: 14pt;\"><strong style=\"background-color: transparent;\">Full price ticket: \u20ac 8.00<\/strong><\/span><\/p>\n<p><span style=\"font-size: 14pt;\"><strong>Reduced-price ticket: \u20ac 6.00<\/strong><\/span><\/p>\n<p>Reduced-price tickets are available to:<\/p>\n<p>&#8211; individual visitors aged between 6 and 12 years and over 65<\/p>\n<p>&#8211; groups and school groups (see details in the next paragraph)<\/p>\n<p>&#8211; EYCA (European Youth Card Association) card holders<\/p>\n<p>&#8211; TCI membership card holders<\/p>\n<p>&#8211; ACI membership and SYC! (Show your card!) holders<\/p>\n<p>&#8211; Sardinia CRAL membership card holders<\/p>\n<p>&#8211; ASSOCARD card holders<\/p>\n<p>&#8211; Cammino Minerario di Santa Barbara (CMSB) &#8211; Minera Card holders<\/p>\n<p>&#8211; Other membership card holders<\/p>\n<p>&nbsp;<\/p>\n<p>Children under 6 years: free admission.<\/p>\n<p>&nbsp;<\/p>\n<h3>PASS<\/h3>\n<p style=\"text-align: justify;\"><span style=\"font-size: 12pt;\"><strong>Single ticket: \u20ac 15.00<\/strong><\/span><br \/>\nValid for 60 days. a pass gives you free access (one visit) to the following historic sites and museums in Carbonia: Museo del Carbone, \u201cE.A. Martel\u201d PAS Paleontological Museum, Monte Sirai Archaeological Park, Villa Sulcis Archaeological Museum.<\/p>\n<p><span style=\"color: #ffffff;\"><strong>Sardinia mines<\/strong><\/span><\/p>\n<h2><span style=\"font-size: 18pt;\">GROUPS AND SCHOOL GROUPS <\/span><\/h2>\n<p>The museum is available for visits all year round, with advance reservation and according to the museum opening hours. Guided tours last about an hour.<\/p>\n<p>Different tours are available according to the specific level of education (primary, middle or high schools, universities, specialist schools), as well as workshops and specific educational activities in collaboration with the schools.<\/p>\n<p>Note: since the Lampisteria is temporarily closed to the public for renovation works, the possibility of supplementary educational activities must be checked in advance. Please contact the Museum by phone at +39.0781.62727<\/p>\n<p><span style=\"font-size: 12pt; background-color: transparent;\">Reduced-price tickets are available as follows:<\/span><\/p>\n<p>&#8211; groups of at least 25 people: <span style=\"font-size: 14pt;\"><strong>\u20ac 6.00<\/strong><\/span><br \/>\n &#8211; school groups: <span style=\"font-size: 14pt;\"><strong>\u20ac 5.00<\/strong><\/span><\/p>\n<p><strong>Groups<\/strong>:<br \/>\n<span style=\"font-size: 14pt;\">1<\/span> free ticket every 25 people<\/p>\n<p><strong>School groups<\/strong>:<br \/>\n<span style=\"font-size: 14pt;\">2<\/span> Free tickets per class of students (for teachers)<\/p>\n<figure id=\"attachment_1288\" aria-describedby=\"caption-attachment-1288\" style=\"width: 300px\" class=\"wp-caption alignnone\"><img loading=\"lazy\" decoding=\"async\" class=\"wp-image-49 size-medium\" title=\"Museo del Carbone. Activities for schools\" src=\"https:\/\/www.museodelcarbone.it\/wp-content\/uploads\/2016\/02\/Attivit%C3%A0_didattiche_microscopio_-300x200.jpg\" alt=\"Activities for schools. Prices\" width=\"300\" height=\"200\"><figcaption id=\"caption-attachment-1288\" class=\"wp-caption-text\">Guided tours, workshops and activities for schools &#8211; Museo del Carbone<\/figcaption><\/figure>\n<p><strong><span style=\"color: #ffffff;\">Sardinia mines<\/span><\/strong><\/p>\n","protected":false},"excerpt":{"rendered":"<p>Sardinia UPDATE &#8211; 2024\/2026 Underground tours The underground guided tour lasts about 1 hour and have fixed departure times. RESERVATION IS REQUIRED. Click the BOOK NOW\/PRENOTA button to check availability and book, or contact us at +39.0781.62727 \u2192 Please book in advance your guided tour in English on our website or by phone +39 0781 [&hellip;]<\/p>\n","protected":false},"author":1,"featured_media":0,"parent":1672,"menu_order":5,"comment_status":"closed","ping_status":"closed","template":"","meta":{"footnotes":""},"class_list":["post-1648","page","type-page","status-publish","hentry"],"yoast_head":"<!-- This site is optimized with the Yoast SEO plugin v27.4 - https:\/\/yoast.com\/product\/yoast-seo-wordpress\/ -->\n<title>OPENING HOURS AND TICKET PRICES - Museo del Carbone<\/title>\n<meta name=\"description\" content=\"OPENING HOURS AND TICKET PRICES Open all year round The ticket includes a guided underground tour and entrance to the museum Sardinia mines\" \/>\n<meta name=\"robots\" content=\"index, follow, max-snippet:-1, max-image-preview:large, max-video-preview:-1\" \/>\n<link rel=\"canonical\" href=\"https:\/\/www.museodelcarbone.it\/en\/visit\/opening-hours-and-ticket-prices\/\" \/>\n<meta property=\"og:locale\" content=\"en_US\" \/>\n<meta property=\"og:type\" content=\"article\" \/>\n<meta property=\"og:title\" content=\"OPENING HOURS AND TICKET PRICES - Museo del Carbone\" \/>\n<meta property=\"og:description\" content=\"OPENING HOURS AND TICKET PRICES Open all year round The ticket includes a guided underground tour and entrance to the museum Sardinia mines\" \/>\n<meta property=\"og:url\" content=\"https:\/\/www.museodelcarbone.it\/en\/visit\/opening-hours-and-ticket-prices\/\" \/>\n<meta property=\"og:site_name\" content=\"Museo del Carbone\" \/>\n<meta property=\"article:modified_time\" content=\"2026-03-15T15:00:50+00:00\" \/>\n<meta property=\"og:image\" content=\"https:\/\/www.museodelcarbone.it\/wp-content\/uploads\/2016\/02\/Attivit\u00e0_didattiche_microscopio_.jpg\" \/>\n\t<meta property=\"og:image:width\" content=\"1000\" \/>\n\t<meta property=\"og:image:height\" content=\"667\" \/>\n\t<meta property=\"og:image:type\" content=\"image\/jpeg\" \/>\n<meta name=\"twitter:card\" content=\"summary_large_image\" \/>\n<meta name=\"twitter:label1\" content=\"Est. reading time\" \/>\n\t<meta name=\"twitter:data1\" content=\"4 minutes\" \/>\n<script type=\"application\/ld+json\" class=\"yoast-schema-graph\">{\"@context\":\"https:\\\/\\\/schema.org\",\"@graph\":[{\"@type\":\"WebPage\",\"@id\":\"https:\\\/\\\/www.museodelcarbone.it\\\/en\\\/visit\\\/opening-hours-and-ticket-prices\\\/\",\"url\":\"https:\\\/\\\/www.museodelcarbone.it\\\/en\\\/visit\\\/opening-hours-and-ticket-prices\\\/\",\"name\":\"OPENING HOURS AND TICKET PRICES - Museo del Carbone\",\"isPartOf\":{\"@id\":\"https:\\\/\\\/www.museodelcarbone.it\\\/en\\\/#website\"},\"primaryImageOfPage\":{\"@id\":\"https:\\\/\\\/www.museodelcarbone.it\\\/en\\\/visit\\\/opening-hours-and-ticket-prices\\\/#primaryimage\"},\"image\":{\"@id\":\"https:\\\/\\\/www.museodelcarbone.it\\\/en\\\/visit\\\/opening-hours-and-ticket-prices\\\/#primaryimage\"},\"thumbnailUrl\":\"https:\\\/\\\/www.museodelcarbone.it\\\/wp-content\\\/uploads\\\/2016\\\/02\\\/Attivit%C3%A0_didattiche_microscopio_-300x200.jpg\",\"datePublished\":\"2016-01-10T08:29:47+00:00\",\"dateModified\":\"2026-03-15T15:00:50+00:00\",\"description\":\"OPENING HOURS AND TICKET PRICES Open all year round The ticket includes a guided underground tour and entrance to the museum Sardinia mines\",\"breadcrumb\":{\"@id\":\"https:\\\/\\\/www.museodelcarbone.it\\\/en\\\/visit\\\/opening-hours-and-ticket-prices\\\/#breadcrumb\"},\"inLanguage\":\"en-US\",\"potentialAction\":[{\"@type\":\"ReadAction\",\"target\":[\"https:\\\/\\\/www.museodelcarbone.it\\\/en\\\/visit\\\/opening-hours-and-ticket-prices\\\/\"]}]},{\"@type\":\"ImageObject\",\"inLanguage\":\"en-US\",\"@id\":\"https:\\\/\\\/www.museodelcarbone.it\\\/en\\\/visit\\\/opening-hours-and-ticket-prices\\\/#primaryimage\",\"url\":\"https:\\\/\\\/www.museodelcarbone.it\\\/wp-content\\\/uploads\\\/2016\\\/02\\\/Attivit%C3%A0_didattiche_microscopio_-300x200.jpg\",\"contentUrl\":\"https:\\\/\\\/www.museodelcarbone.it\\\/wp-content\\\/uploads\\\/2016\\\/02\\\/Attivit%C3%A0_didattiche_microscopio_-300x200.jpg\"},{\"@type\":\"BreadcrumbList\",\"@id\":\"https:\\\/\\\/www.museodelcarbone.it\\\/en\\\/visit\\\/opening-hours-and-ticket-prices\\\/#breadcrumb\",\"itemListElement\":[{\"@type\":\"ListItem\",\"position\":1,\"name\":\"Home\",\"item\":\"https:\\\/\\\/www.museodelcarbone.it\\\/en\\\/home\\\/\"},{\"@type\":\"ListItem\",\"position\":2,\"name\":\"Visit\",\"item\":\"https:\\\/\\\/www.museodelcarbone.it\\\/en\\\/visit\\\/\"},{\"@type\":\"ListItem\",\"position\":3,\"name\":\"OPENING HOURS AND TICKET PRICES\"}]},{\"@type\":\"WebSite\",\"@id\":\"https:\\\/\\\/www.museodelcarbone.it\\\/en\\\/#website\",\"url\":\"https:\\\/\\\/www.museodelcarbone.it\\\/en\\\/\",\"name\":\"Museo del Carbone\",\"description\":\"Grande Miniera di Serbariu\",\"potentialAction\":[{\"@type\":\"SearchAction\",\"target\":{\"@type\":\"EntryPoint\",\"urlTemplate\":\"https:\\\/\\\/www.museodelcarbone.it\\\/en\\\/?s={search_term_string}\"},\"query-input\":{\"@type\":\"PropertyValueSpecification\",\"valueRequired\":true,\"valueName\":\"search_term_string\"}}],\"inLanguage\":\"en-US\"}]}<\/script>\n<!-- \/ Yoast SEO plugin. -->","yoast_head_json":{"title":"OPENING HOURS AND TICKET PRICES - Museo del Carbone","description":"OPENING HOURS AND TICKET PRICES Open all year round The ticket includes a guided underground tour and entrance to the museum Sardinia mines","robots":{"index":"index","follow":"follow","max-snippet":"max-snippet:-1","max-image-preview":"max-image-preview:large","max-video-preview":"max-video-preview:-1"},"canonical":"https:\/\/www.museodelcarbone.it\/en\/visit\/opening-hours-and-ticket-prices\/","og_locale":"en_US","og_type":"article","og_title":"OPENING HOURS AND TICKET PRICES - Museo del Carbone","og_description":"OPENING HOURS AND TICKET PRICES Open all year round The ticket includes a guided underground tour and entrance to the museum Sardinia mines","og_url":"https:\/\/www.museodelcarbone.it\/en\/visit\/opening-hours-and-ticket-prices\/","og_site_name":"Museo del Carbone","article_modified_time":"2026-03-15T15:00:50+00:00","og_image":[{"width":1000,"height":667,"url":"https:\/\/www.museodelcarbone.it\/wp-content\/uploads\/2016\/02\/Attivit\u00e0_didattiche_microscopio_.jpg","type":"image\/jpeg"}],"twitter_card":"summary_large_image","twitter_misc":{"Est. reading time":"4 minutes"},"schema":{"@context":"https:\/\/schema.org","@graph":[{"@type":"WebPage","@id":"https:\/\/www.museodelcarbone.it\/en\/visit\/opening-hours-and-ticket-prices\/","url":"https:\/\/www.museodelcarbone.it\/en\/visit\/opening-hours-and-ticket-prices\/","name":"OPENING HOURS AND TICKET PRICES - Museo del Carbone","isPartOf":{"@id":"https:\/\/www.museodelcarbone.it\/en\/#website"},"primaryImageOfPage":{"@id":"https:\/\/www.museodelcarbone.it\/en\/visit\/opening-hours-and-ticket-prices\/#primaryimage"},"image":{"@id":"https:\/\/www.museodelcarbone.it\/en\/visit\/opening-hours-and-ticket-prices\/#primaryimage"},"thumbnailUrl":"https:\/\/www.museodelcarbone.it\/wp-content\/uploads\/2016\/02\/Attivit%C3%A0_didattiche_microscopio_-300x200.jpg","datePublished":"2016-01-10T08:29:47+00:00","dateModified":"2026-03-15T15:00:50+00:00","description":"OPENING HOURS AND TICKET PRICES Open all year round The ticket includes a guided underground tour and entrance to the museum Sardinia mines","breadcrumb":{"@id":"https:\/\/www.museodelcarbone.it\/en\/visit\/opening-hours-and-ticket-prices\/#breadcrumb"},"inLanguage":"en-US","potentialAction":[{"@type":"ReadAction","target":["https:\/\/www.museodelcarbone.it\/en\/visit\/opening-hours-and-ticket-prices\/"]}]},{"@type":"ImageObject","inLanguage":"en-US","@id":"https:\/\/www.museodelcarbone.it\/en\/visit\/opening-hours-and-ticket-prices\/#primaryimage","url":"https:\/\/www.museodelcarbone.it\/wp-content\/uploads\/2016\/02\/Attivit%C3%A0_didattiche_microscopio_-300x200.jpg","contentUrl":"https:\/\/www.museodelcarbone.it\/wp-content\/uploads\/2016\/02\/Attivit%C3%A0_didattiche_microscopio_-300x200.jpg"},{"@type":"BreadcrumbList","@id":"https:\/\/www.museodelcarbone.it\/en\/visit\/opening-hours-and-ticket-prices\/#breadcrumb","itemListElement":[{"@type":"ListItem","position":1,"name":"Home","item":"https:\/\/www.museodelcarbone.it\/en\/home\/"},{"@type":"ListItem","position":2,"name":"Visit","item":"https:\/\/www.museodelcarbone.it\/en\/visit\/"},{"@type":"ListItem","position":3,"name":"OPENING HOURS AND TICKET PRICES"}]},{"@type":"WebSite","@id":"https:\/\/www.museodelcarbone.it\/en\/#website","url":"https:\/\/www.museodelcarbone.it\/en\/","name":"Museo del Carbone","description":"Grande Miniera di Serbariu","potentialAction":[{"@type":"SearchAction","target":{"@type":"EntryPoint","urlTemplate":"https:\/\/www.museodelcarbone.it\/en\/?s={search_term_string}"},"query-input":{"@type":"PropertyValueSpecification","valueRequired":true,"valueName":"search_term_string"}}],"inLanguage":"en-US"}]}},"_links":{"self":[{"href":"https:\/\/www.museodelcarbone.it\/en\/wp-json\/wp\/v2\/pages\/1648","targetHints":{"allow":["GET"]}}],"collection":[{"href":"https:\/\/www.museodelcarbone.it\/en\/wp-json\/wp\/v2\/pages"}],"about":[{"href":"https:\/\/www.museodelcarbone.it\/en\/wp-json\/wp\/v2\/types\/page"}],"author":[{"embeddable":true,"href":"https:\/\/www.museodelcarbone.it\/en\/wp-json\/wp\/v2\/users\/1"}],"replies":[{"embeddable":true,"href":"https:\/\/www.museodelcarbone.it\/en\/wp-json\/wp\/v2\/comments?post=1648"}],"version-history":[{"count":42,"href":"https:\/\/www.museodelcarbone.it\/en\/wp-json\/wp\/v2\/pages\/1648\/revisions"}],"predecessor-version":[{"id":3292,"href":"https:\/\/www.museodelcarbone.it\/en\/wp-json\/wp\/v2\/pages\/1648\/revisions\/3292"}],"up":[{"embeddable":true,"href":"https:\/\/www.museodelcarbone.it\/en\/wp-json\/wp\/v2\/pages\/1672"}],"wp:attachment":[{"href":"https:\/\/www.museodelcarbone.it\/en\/wp-json\/wp\/v2\/media?parent=1648"}],"curies":[{"name":"wp","href":"https:\/\/api.w.org\/{rel}","templated":true}]}}